{"id":2860,"date":"2016-05-04T12:59:47","date_gmt":"2016-05-04T10:59:47","guid":{"rendered":"http:\/\/www.pfarre-ohlsdorf.at\/?page_id=2860"},"modified":"2017-08-28T17:41:15","modified_gmt":"2017-08-28T15:41:15","slug":"einladung-zur-walfahrt-nach-ohlsdorf","status":"publish","type":"page","link":"https:\/\/www.pfarre-ohlsdorf.at\/?page_id=2860","title":{"rendered":"Gasth\u00e4user in Ohlsdorf und weitere Ziele"},"content":{"rendered":"<h3 style=\"text-align: center;\"><strong>Empfehlenswerte Gasth\u00e4user in Ohlsdorf, die zur Einkehr einladen.<\/strong><\/h3>\n<p>&nbsp;<\/p>\n<p><img loading=\"lazy\" decoding=\"async\" class=\"aligncenter size-medium wp-image-2866\" src=\"http:\/\/www.pfarre-ohlsdorf.at\/wp-content\/uploads\/2016\/05\/kirchenwirt-300x225.jpg\" alt=\"kirchenwirt\" width=\"300\" height=\"225\" srcset=\"https:\/\/www.pfarre-ohlsdorf.at\/wp-content\/uploads\/2016\/05\/kirchenwirt-300x225.jpg 300w, https:\/\/www.pfarre-ohlsdorf.at\/wp-content\/uploads\/2016\/05\/kirchenwirt.jpg 550w\" sizes=\"auto, (max-width: 300px) 100vw, 300px\" \/><\/p>\n<h4 style=\"text-align: center;\">Kirchenwirt Michael F\u00fcrtbauer<\/h4>\n<p style=\"text-align: center;\">Hauptstra\u00dfe 16, 4694 Ohlsdorf, Tel: (07612) 47201,<\/p>\n<p style=\"text-align: center;\">oder (0664) 152 75 46. \u00a0\u00a0E-Mail: <a href=\"mailto:michael.fuertbauer@utanet.at\">michael.fuertbauer@utanet.at<\/a><\/p>\n<p style=\"text-align: center;\">\u00d6ffnungszeiten: Montag &#8211; Freitag 11:00- 14:00 Uhr,<\/p>\n<p style=\"text-align: center;\">und ab 16:30 Uhr<\/p>\n<p style=\"text-align: center;\">Samstag ab 16:30 Uhr, Sonn- und Feiertage ganzt\u00e4gig ge\u00f6ffnet.<\/p>\n<p><img loading=\"lazy\" decoding=\"async\" class=\"aligncenter size-medium wp-image-2864\" src=\"http:\/\/www.pfarre-ohlsdorf.at\/wp-content\/uploads\/2016\/05\/enichlmayer-300x119.jpg\" alt=\"enichlmayer\" width=\"300\" height=\"119\" srcset=\"https:\/\/www.pfarre-ohlsdorf.at\/wp-content\/uploads\/2016\/05\/enichlmayer-300x119.jpg 300w, https:\/\/www.pfarre-ohlsdorf.at\/wp-content\/uploads\/2016\/05\/enichlmayer-600x240.jpg 600w, https:\/\/www.pfarre-ohlsdorf.at\/wp-content\/uploads\/2016\/05\/enichlmayer.jpg 755w\" sizes=\"auto, (max-width: 300px) 100vw, 300px\" \/><\/p>\n<h4 style=\"text-align: center;\">Hotel Gasthof Enichlmayr<\/h4>\n<p style=\"text-align: center;\">Ehrenfeld 1, 4694 Ohlsdorf, Tel. 43 7613 2405<\/p>\n<p style=\"text-align: center;\">E-Mail: <a href=\"mailto:office@gasthofenichlmayr.at\">office@gasthofenichlmayr.at<\/a><\/p>\n<p style=\"text-align: center;\">\u00d6ffnungszeiten: Montag, Mittwoch, Donnerst., Samstag ab 17:00 Uhr. Sonntag ganzt\u00e4gig ge\u00f6ffnet.<\/p>\n<h3 style=\"text-align: center;\"><span style=\"color: #3366ff;\">Weitere Ziele in der Umgebung von Ohlsdorf:<\/span><\/h3>\n<p><img loading=\"lazy\" decoding=\"async\" class=\"aligncenter size-medium wp-image-2861\" src=\"http:\/\/www.pfarre-ohlsdorf.at\/wp-content\/uploads\/2016\/05\/alfa-300x169.jpg\" alt=\"alfa\" width=\"300\" height=\"169\" srcset=\"https:\/\/www.pfarre-ohlsdorf.at\/wp-content\/uploads\/2016\/05\/alfa-300x169.jpg 300w, https:\/\/www.pfarre-ohlsdorf.at\/wp-content\/uploads\/2016\/05\/alfa-1024x578.jpg 1024w, https:\/\/www.pfarre-ohlsdorf.at\/wp-content\/uploads\/2016\/05\/alfa.jpg 1920w\" sizes=\"auto, (max-width: 300px) 100vw, 300px\" \/><\/p>\n<h4 style=\"text-align: center;\">\u00d6sterreichisches Papiermachermuseum<\/h4>\n<p style=\"text-align: center;\">Adresse: Museumspl. 1, 4662 Laakirchen,<\/p>\n<p style=\"text-align: center;\">Telefon: 07613 3951.<\/p>\n<p style=\"text-align: center;\">Wir haben f\u00fcr Sie ganzj\u00e4hrig ge\u00f6ffnet. Auch ausserhalb der \u00d6ffnungszeiten ist ein Besuch bei Voranmeldung m\u00f6glich<\/p>\n<p style=\"text-align: center;\">1. April &#8211; 31. 10: Dienstag bis Sonntag von 10 &#8211; 16 Uhr<\/p>\n<p>&nbsp;<\/p>\n<h3 style=\"text-align: center;\">\u00a0<img loading=\"lazy\" decoding=\"async\" class=\"aligncenter size-medium wp-image-2863\" src=\"http:\/\/www.pfarre-ohlsdorf.at\/wp-content\/uploads\/2016\/05\/bernhard-haus-300x129.jpg\" alt=\"bernhard haus\" width=\"300\" height=\"129\" srcset=\"https:\/\/www.pfarre-ohlsdorf.at\/wp-content\/uploads\/2016\/05\/bernhard-haus-300x129.jpg 300w, https:\/\/www.pfarre-ohlsdorf.at\/wp-content\/uploads\/2016\/05\/bernhard-haus.jpg 407w\" sizes=\"auto, (max-width: 300px) 100vw, 300px\" \/> Das Thomas Bernhard Haus<\/h3>\n<p style=\"text-align: center;\">(nur mit F\u00fchrung zu besuchen)<\/p>\n<p style=\"text-align: center;\">April, Mai und Oktober: ausschlie\u00dflich nach Voranmeldung. Juni, Juli, August und September:<\/p>\n<p style=\"text-align: center;\">Samstag, Sonntag und Feiertag von 14.00 bis 18.00 Uhr.<\/p>\n<p style=\"text-align: center;\">Kontakt: Bernhard Haus, Obernathal 2, 4694 Ohlsdorf<\/p>\n<p style=\"text-align: center;\">Tel: 07612- 4701<\/p>\n<p>&nbsp;<\/p>\n<p>&nbsp;<\/p>\n<p><img loading=\"lazy\" decoding=\"async\" class=\"aligncenter size-medium wp-image-2865\" src=\"http:\/\/www.pfarre-ohlsdorf.at\/wp-content\/uploads\/2016\/05\/kirche-aurachkirchen-300x238.jpg\" alt=\"kirche aurachkirchen\" width=\"300\" height=\"238\" srcset=\"https:\/\/www.pfarre-ohlsdorf.at\/wp-content\/uploads\/2016\/05\/kirche-aurachkirchen-300x238.jpg 300w, https:\/\/www.pfarre-ohlsdorf.at\/wp-content\/uploads\/2016\/05\/kirche-aurachkirchen.jpg 754w\" sizes=\"auto, (max-width: 300px) 100vw, 300px\" \/><\/p>\n<h3 style=\"text-align: center;\"><strong>R\u00f6merkirche <\/strong><\/h3>\n<h3 style=\"text-align: center;\"><strong>zum <\/strong><\/h3>\n<h3 style=\"text-align: center;\"><strong>hl. Nikolaus in Aurachkirchen<\/strong><\/h3>\n<h5 style=\"text-align: center;\"><strong>Dieses altehrw\u00fcrdige Gotteshaus (Langhaus aus romanischer Zeit)<\/strong><\/h5>\n<p style=\"text-align: center;\">ist ein Juwel unserer Pfarre und l\u00e4dt zum Besuch und zum Gebet ein. Eine Rarit\u00e4t ist die \u201eMerowingerglocke\u201c, eine der \u00e4ltesten Glocken im deutschen Sprachraum, deren Entstehung man um 1280 vermutet.<\/p>\n<p style=\"text-align: center;\">Bei Anmeldung jederzeit zu besuchen:<\/p>\n<p style=\"text-align: center;\">Handy: 0664\/7646463\u00a0\u00a0\u00a0\u00a0\u00a0 E-Mail: <a href=\"mailto:alois.parzmair@cssr.at\">alois.parzmair@cssr.at<\/a><\/p>\n","protected":false},"excerpt":{"rendered":"<p>Empfehlenswerte Gasth\u00e4user in Ohlsdorf, die zur Einkehr einladen. &nbsp; Kirchenwirt Michael F\u00fcrtbauer Hauptstra\u00dfe 16, 4694 Ohlsdorf, Tel: (07612) 47201, oder (0664) 152 75 46. \u00a0\u00a0E-Mail: michael.fuertbauer@utanet.at \u00d6ffnungszeiten: Montag &#8211; Freitag 11:00- 14:00 Uhr, und ab 16:30 Uhr Samstag ab 16:30 Uhr, Sonn- und Feiertage ganzt\u00e4gig ge\u00f6ffnet. Hotel Gasthof Enichlmayr Ehrenfeld 1, 4694 Ohlsdorf, Tel. 43 7613 2405 E-Mail: office@gasthofenichlmayr.at \u00d6ffnungszeiten:<\/p>\n","protected":false},"author":2,"featured_media":0,"parent":1527,"menu_order":0,"comment_status":"closed","ping_status":"closed","template":"","meta":{"ngg_post_thumbnail":0,"_mc_calendar":[],"footnotes":""},"class_list":["post-2860","page","type-page","status-publish","hentry"],"_links":{"self":[{"href":"https:\/\/www.pfarre-ohlsdorf.at\/index.php?rest_route=\/wp\/v2\/pages\/2860","targetHints":{"allow":["GET"]}}],"collection":[{"href":"https:\/\/www.pfarre-ohlsdorf.at\/index.php?rest_route=\/wp\/v2\/pages"}],"about":[{"href":"https:\/\/www.pfarre-ohlsdorf.at\/index.php?rest_route=\/wp\/v2\/types\/page"}],"author":[{"embeddable":true,"href":"https:\/\/www.pfarre-ohlsdorf.at\/index.php?rest_route=\/wp\/v2\/users\/2"}],"replies":[{"embeddable":true,"href":"https:\/\/www.pfarre-ohlsdorf.at\/index.php?rest_route=%2Fwp%2Fv2%2Fcomments&post=2860"}],"version-history":[{"count":5,"href":"https:\/\/www.pfarre-ohlsdorf.at\/index.php?rest_route=\/wp\/v2\/pages\/2860\/revisions"}],"predecessor-version":[{"id":4382,"href":"https:\/\/www.pfarre-ohlsdorf.at\/index.php?rest_route=\/wp\/v2\/pages\/2860\/revisions\/4382"}],"up":[{"embeddable":true,"href":"https:\/\/www.pfarre-ohlsdorf.at\/index.php?rest_route=\/wp\/v2\/pages\/1527"}],"wp:attachment":[{"href":"https:\/\/www.pfarre-ohlsdorf.at\/index.php?rest_route=%2Fwp%2Fv2%2Fmedia&parent=2860"}],"curies":[{"name":"wp","href":"https:\/\/api.w.org\/{rel}","templated":true}]}}